{"id":662,"date":"2025-04-06T12:25:47","date_gmt":"2025-04-06T12:25:47","guid":{"rendered":"http:\/\/ronanenterprise.com\/produits\/"},"modified":"2025-05-20T17:01:29","modified_gmt":"2025-05-20T17:01:29","slug":"produits","status":"publish","type":"page","link":"https:\/\/ronanenterprise.com\/fr\/produits\/","title":{"rendered":"Produits"},"content":{"rendered":"\t\t<div data-elementor-type=\"wp-page\" data-elementor-id=\"662\" class=\"elementor elementor-662 elementor-265\" data-elementor-settings=\"{&quot;element_pack_global_tooltip_width&quot;:{&quot;unit&quot;:&quot;px&quot;,&quot;size&quot;:&quot;&quot;,&quot;sizes&quot;:[]},&quot;element_pack_global_tooltip_width_tablet&quot;:{&quot;unit&quot;:&quot;px&quot;,&quot;size&quot;:&quot;&quot;,&quot;sizes&quot;:[]},&quot;element_pack_global_tooltip_width_mobile&quot;:{&quot;unit&quot;:&quot;px&quot;,&quot;size&quot;:&quot;&quot;,&quot;sizes&quot;:[]},&quot;element_pack_global_tooltip_padding&quot;:{&quot;unit&quot;:&quot;px&quot;,&quot;top&quot;:&quot;&quot;,&quot;right&quot;:&quot;&quot;,&quot;bottom&quot;:&quot;&quot;,&quot;left&quot;:&quot;&quot;,&quot;isLinked&quot;:true},&quot;element_pack_global_tooltip_padding_tablet&quot;:{&quot;unit&quot;:&quot;px&quot;,&quot;top&quot;:&quot;&quot;,&quot;right&quot;:&quot;&quot;,&quot;bottom&quot;:&quot;&quot;,&quot;left&quot;:&quot;&quot;,&quot;isLinked&quot;:true},&quot;element_pack_global_tooltip_padding_mobile&quot;:{&quot;unit&quot;:&quot;px&quot;,&quot;top&quot;:&quot;&quot;,&quot;right&quot;:&quot;&quot;,&quot;bottom&quot;:&quot;&quot;,&quot;left&quot;:&quot;&quot;,&quot;isLinked&quot;:true},&quot;element_pack_global_tooltip_border_radius&quot;:{&quot;unit&quot;:&quot;px&quot;,&quot;top&quot;:&quot;&quot;,&quot;right&quot;:&quot;&quot;,&quot;bottom&quot;:&quot;&quot;,&quot;left&quot;:&quot;&quot;,&quot;isLinked&quot;:true},&quot;element_pack_global_tooltip_border_radius_tablet&quot;:{&quot;unit&quot;:&quot;px&quot;,&quot;top&quot;:&quot;&quot;,&quot;right&quot;:&quot;&quot;,&quot;bottom&quot;:&quot;&quot;,&quot;left&quot;:&quot;&quot;,&quot;isLinked&quot;:true},&quot;element_pack_global_tooltip_border_radius_mobile&quot;:{&quot;unit&quot;:&quot;px&quot;,&quot;top&quot;:&quot;&quot;,&quot;right&quot;:&quot;&quot;,&quot;bottom&quot;:&quot;&quot;,&quot;left&quot;:&quot;&quot;,&quot;isLinked&quot;:true}}\">\n\t\t\t\t<div class=\"elementor-element elementor-element-66ef86a e-flex e-con-boxed e-con e-parent\" data-id=\"66ef86a\" data-element_type=\"container\" data-e-type=\"container\">\n\t\t\t\t\t<div class=\"e-con-inner\">\n\t\t<div class=\"elementor-element elementor-element-d06a627 e-con-full e-flex e-con e-child\" data-id=\"d06a627\" data-element_type=\"container\" data-e-type=\"container\">\n\t\t\t\t<div class=\"elementor-element elementor-element-fcd08ac elementor-widget elementor-widget-heading\" data-id=\"fcd08ac\" data-element_type=\"widget\" data-e-type=\"widget\" data-widget_type=\"heading.default\">\n\t\t\t\t<div class=\"elementor-widget-container\">\n\t\t\t\t\t<h3 class=\"elementor-heading-title elementor-size-default\">Bagages de luxe<\/h3>\t\t\t\t<\/div>\n\t\t\t\t<\/div>\n\t\t\t\t<div class=\"elementor-element elementor-element-2e3cc88 elementor-widget elementor-widget-image\" data-id=\"2e3cc88\" data-element_type=\"widget\" data-e-type=\"widget\" data-widget_type=\"image.default\">\n\t\t\t\t<div class=\"elementor-widget-container\">\n\t\t\t\t\t\t\t\t\t\t\t\t\t\t\t<img decoding=\"async\" src=\"https:\/\/ronanenterprise.com\/wp-content\/uploads\/elementor\/thumbs\/safari-logo-120h-r4ub9nml3mp0b2cs7mkwj26lkjedu3bxskt6bsow00.png\" title=\"safari-logo-120h\" alt=\"Safari Luggage\" loading=\"lazy\" \/>\t\t\t\t\t\t\t\t\t\t\t\t\t\t\t<\/div>\n\t\t\t\t<\/div>\n\t\t\t\t<div class=\"elementor-element elementor-element-638281a elementor-widget elementor-widget-text-editor\" data-id=\"638281a\" data-element_type=\"widget\" data-e-type=\"widget\" data-widget_type=\"text-editor.default\">\n\t\t\t\t<div class=\"elementor-widget-container\">\n\t\t\t\t\t\t\t\t\t<p><strong>Safari Industries India<\/strong> Ltd est une soci\u00e9t\u00e9 indienne certifi\u00e9e ISO 9001:2015 sp\u00e9cialis\u00e9e dans la fabrication et la fourniture de bagages rigides, de bagages souples, de sacs \u00e0 dos et de sacs RDFL depuis cinq d\u00e9cennies. Elle commercialise ses produits sous les marques <strong>Safari<\/strong>, <strong>Urban Jungle<\/strong> et <strong>Genie<\/strong> par le biais de son site internet et de ses magasins, ainsi que sur des plateformes de commerce \u00e9lectronique.  \u00c0 l&rsquo;heure actuelle, les produits Safari sont disponibles dans 20 pays et se targuent d&rsquo;un chiffre d&rsquo;affaires annuel de <strong>227 millions de dollars am\u00e9ricains<\/strong>. Les usines sont situ\u00e9es \u00e0 Halol, Gujarat et \u00e0 Jaipur, Rajasthan, avec une capacit\u00e9 mensuelle de 600 000 pi\u00e8ces de bagages moul\u00e9s.<\/p>\t\t\t\t\t\t\t\t<\/div>\n\t\t\t\t<\/div>\n\t\t\t\t<div class=\"elementor-element elementor-element-668e52e elementor-widget elementor-widget-image\" data-id=\"668e52e\" data-element_type=\"widget\" data-e-type=\"widget\" data-widget_type=\"image.default\">\n\t\t\t\t<div class=\"elementor-widget-container\">\n\t\t\t\t\t\t\t\t\t\t\t\t\t\t\t<img fetchpriority=\"high\" decoding=\"async\" width=\"1040\" height=\"1040\" src=\"https:\/\/ronanenterprise.com\/wp-content\/uploads\/2025\/04\/04brute.jpg\" class=\"attachment-full size-full wp-image-579\" alt=\"\" srcset=\"https:\/\/ronanenterprise.com\/wp-content\/uploads\/2025\/04\/04brute.jpg 1040w, https:\/\/ronanenterprise.com\/wp-content\/uploads\/2025\/04\/04brute-300x300.jpg 300w, https:\/\/ronanenterprise.com\/wp-content\/uploads\/2025\/04\/04brute-1024x1024.jpg 1024w, https:\/\/ronanenterprise.com\/wp-content\/uploads\/2025\/04\/04brute-150x150.jpg 150w, https:\/\/ronanenterprise.com\/wp-content\/uploads\/2025\/04\/04brute-768x768.jpg 768w, https:\/\/ronanenterprise.com\/wp-content\/uploads\/2025\/04\/04brute-650x650.jpg 650w\" sizes=\"(max-width: 1040px) 100vw, 1040px\" \/>\t\t\t\t\t\t\t\t\t\t\t\t\t\t\t<\/div>\n\t\t\t\t<\/div>\n\t\t\t\t<div class=\"elementor-element elementor-element-ba29a7c ui-e-badge-start-left elementor-widget elementor-widget-uicore-gallery-grid\" data-id=\"ba29a7c\" data-element_type=\"widget\" data-e-type=\"widget\" data-widget_type=\"uicore-gallery-grid.default\">\n\t\t\t\t<div class=\"elementor-widget-container\">\n\t\t\t\t\t        <div class='ui-e-grid ui-e-items-wrp '>\n                    <div class=\"ui-e-wrp ui-e-filtered\" data-ui-e-tags=\"\">\n\n            \n                <div class=\"ui-e-item\">\n                     <div class=\"ui-e-media-wrp \">\n            <img decoding=\"async\" src=\"https:\/\/ronanenterprise.com\/wp-content\/uploads\/2025\/04\/s-003a.jpg\" title=\"s-003a\" alt=\"s-003a\" loading=\"lazy\" \/> <\/div>\n                                            <\/div>\n\n                \n        <\/div>\n            <div class=\"ui-e-wrp ui-e-filtered\" data-ui-e-tags=\"\">\n\n            \n                <div class=\"ui-e-item\">\n                     <div class=\"ui-e-media-wrp \">\n            <img decoding=\"async\" src=\"https:\/\/ronanenterprise.com\/wp-content\/uploads\/2025\/04\/s-004.jpg\" title=\"s-004\" alt=\"s-004\" loading=\"lazy\" \/> <\/div>\n                                            <\/div>\n\n                \n        <\/div>\n            <div class=\"ui-e-wrp ui-e-filtered\" data-ui-e-tags=\"\">\n\n            \n                <div class=\"ui-e-item\">\n                     <div class=\"ui-e-media-wrp \">\n            <img decoding=\"async\" src=\"https:\/\/ronanenterprise.com\/wp-content\/uploads\/2025\/04\/s-005.jpg\" title=\"s-005\" alt=\"s-005\" loading=\"lazy\" \/> <\/div>\n                                            <\/div>\n\n                \n        <\/div>\n            <\/div>\n\t\t\t\t<\/div>\n\t\t\t\t<\/div>\n\t\t\t\t<\/div>\n\t\t<div class=\"elementor-element elementor-element-d2ff229 e-con-full e-flex e-con e-child\" data-id=\"d2ff229\" data-element_type=\"container\" data-e-type=\"container\">\n\t\t<div class=\"elementor-element elementor-element-f721ba2 e-con-full e-flex e-con e-child\" data-id=\"f721ba2\" data-element_type=\"container\" data-e-type=\"container\">\n\t\t\t\t<div class=\"elementor-element elementor-element-9a583f4 elementor-widget elementor-widget-heading\" data-id=\"9a583f4\" data-element_type=\"widget\" data-e-type=\"widget\" data-widget_type=\"heading.default\">\n\t\t\t\t<div class=\"elementor-widget-container\">\n\t\t\t\t\t<h3 class=\"elementor-heading-title elementor-size-default\">Fournitures de bureau<\/h3>\t\t\t\t<\/div>\n\t\t\t\t<\/div>\n\t\t\t\t<div class=\"elementor-element elementor-element-e8eab74 elementor-widget elementor-widget-image\" data-id=\"e8eab74\" data-element_type=\"widget\" data-e-type=\"widget\" data-widget_type=\"image.default\">\n\t\t\t\t<div class=\"elementor-widget-container\">\n\t\t\t\t\t\t\t\t\t\t\t\t\t\t\t<img decoding=\"async\" src=\"https:\/\/ronanenterprise.com\/wp-content\/uploads\/elementor\/thumbs\/hauser-logo-120h-r4ub9okfagqamobf24zj3jy25x9r1sfo4pgnt2nhts.png\" title=\"hauser-logo-120h\" alt=\"Hauser Pens\" loading=\"lazy\" \/>\t\t\t\t\t\t\t\t\t\t\t\t\t\t\t<\/div>\n\t\t\t\t<\/div>\n\t\t\t\t<div class=\"elementor-element elementor-element-bee2379 elementor-widget elementor-widget-text-editor\" data-id=\"bee2379\" data-element_type=\"widget\" data-e-type=\"widget\" data-widget_type=\"text-editor.default\">\n\t\t\t\t<div class=\"elementor-widget-container\">\n\t\t\t\t\t\t\t\t\t<p><ci id=\"gid_0\">HAUSER GERMANY<\/ci>, une marque allemande bien \u00e9tablie, est reconnue pour ses normes allemandes et ses instruments d&rsquo;\u00e9criture de haute qualit\u00e9. <ci id=\"gid_1\">HAUSER<\/ci> a toujours \u00e9t\u00e9 r\u00e9put\u00e9e pour sa large gamme de produits et sa facilit\u00e9 d&rsquo;\u00e9criture. Elle propose des solutions d&rsquo;\u00e9criture compl\u00e8tes, \u00e0 savoir des stylos \u00e0 bille, des stylos \u00e0 gel, des stylos \u00e0 encre, des recharges et des cartouches, ainsi que divers mat\u00e9riaux d&rsquo;art et produits de papeterie. Les conceptions sont simples mais a\u00e9rodynamiques, donc adapt\u00e9es \u00e0 un usage quotidien. Nous garantissons une qualit\u00e9 de produit exceptionnelle qui r\u00e9pond aux normes les plus \u00e9lev\u00e9es. Nos produits sont bas\u00e9s sur une id\u00e9e tr\u00e8s simple mais tr\u00e8s importante de &lsquo;Qualit\u00e9 Sup\u00e9rieure&rsquo; et de &lsquo;Simplicit\u00e9 Absolue&rsquo;.<\/p>\t\t\t\t\t\t\t\t<\/div>\n\t\t\t\t<\/div>\n\t\t\t\t<div class=\"elementor-element elementor-element-36087ca elementor-widget elementor-widget-image\" data-id=\"36087ca\" data-element_type=\"widget\" data-e-type=\"widget\" data-widget_type=\"image.default\">\n\t\t\t\t<div class=\"elementor-widget-container\">\n\t\t\t\t\t\t\t\t\t\t\t\t\t\t\t<img decoding=\"async\" width=\"1040\" height=\"693\" src=\"https:\/\/ronanenterprise.com\/wp-content\/uploads\/2025\/04\/1403020266.jpg\" class=\"attachment-full size-full wp-image-591\" alt=\"\" srcset=\"https:\/\/ronanenterprise.com\/wp-content\/uploads\/2025\/04\/1403020266.jpg 1040w, https:\/\/ronanenterprise.com\/wp-content\/uploads\/2025\/04\/1403020266-300x200.jpg 300w, https:\/\/ronanenterprise.com\/wp-content\/uploads\/2025\/04\/1403020266-1024x682.jpg 1024w, https:\/\/ronanenterprise.com\/wp-content\/uploads\/2025\/04\/1403020266-768x512.jpg 768w, https:\/\/ronanenterprise.com\/wp-content\/uploads\/2025\/04\/1403020266-650x433.jpg 650w\" sizes=\"(max-width: 1040px) 100vw, 1040px\" \/>\t\t\t\t\t\t\t\t\t\t\t\t\t\t\t<\/div>\n\t\t\t\t<\/div>\n\t\t\t\t<div class=\"elementor-element elementor-element-d868814 ui-e-badge-start-left elementor-widget elementor-widget-uicore-gallery-grid\" data-id=\"d868814\" data-element_type=\"widget\" data-e-type=\"widget\" data-widget_type=\"uicore-gallery-grid.default\">\n\t\t\t\t<div class=\"elementor-widget-container\">\n\t\t\t\t\t        <div class='ui-e-grid ui-e-items-wrp '>\n                    <div class=\"ui-e-wrp ui-e-filtered\" data-ui-e-tags=\"\">\n\n            \n                <div class=\"ui-e-item\">\n                     <div class=\"ui-e-media-wrp \">\n            <img decoding=\"async\" src=\"https:\/\/ronanenterprise.com\/wp-content\/uploads\/2025\/04\/pic-superdark.jpg\" title=\"pic-superdark\" alt=\"pic-superdark\" loading=\"lazy\" \/> <\/div>\n                                            <\/div>\n\n                \n        <\/div>\n            <div class=\"ui-e-wrp ui-e-filtered\" data-ui-e-tags=\"\">\n\n            \n                <div class=\"ui-e-item\">\n                     <div class=\"ui-e-media-wrp \">\n            <img decoding=\"async\" src=\"https:\/\/ronanenterprise.com\/wp-content\/uploads\/2025\/04\/pic-checkers.jpg\" title=\"pic-checkers\" alt=\"pic-checkers\" loading=\"lazy\" \/> <\/div>\n                                            <\/div>\n\n                \n        <\/div>\n            <div class=\"ui-e-wrp ui-e-filtered\" data-ui-e-tags=\"\">\n\n            \n                <div class=\"ui-e-item\">\n                     <div class=\"ui-e-media-wrp \">\n            <img decoding=\"async\" src=\"https:\/\/ronanenterprise.com\/wp-content\/uploads\/2025\/04\/pic-softglow.jpg\" title=\"pic-softglow\" alt=\"pic-softglow\" loading=\"lazy\" \/> <\/div>\n                                            <\/div>\n\n                \n        <\/div>\n            <\/div>\n\t\t\t\t<\/div>\n\t\t\t\t<\/div>\n\t\t\t\t<\/div>\n\t\t\t\t<\/div>\n\t\t\t\t\t<\/div>\n\t\t\t\t<\/div>\n\t\t\t\t<\/div>\n\t\t","protected":false},"excerpt":{"rendered":"<p>Bagages de luxe Safari Industries India Ltd est une soci\u00e9t\u00e9 indienne certifi\u00e9e ISO 9001:2015 sp\u00e9cialis\u00e9e dans la fabrication et la fourniture de [&hellip;]<\/p>\n","protected":false},"author":1,"featured_media":0,"parent":0,"menu_order":0,"comment_status":"closed","ping_status":"closed","template":"","meta":{"footnotes":""},"class_list":["post-662","page","type-page","status-publish","hentry"],"_links":{"self":[{"href":"https:\/\/ronanenterprise.com\/fr\/wp-json\/wp\/v2\/pages\/662","targetHints":{"allow":["GET"]}}],"collection":[{"href":"https:\/\/ronanenterprise.com\/fr\/wp-json\/wp\/v2\/pages"}],"about":[{"href":"https:\/\/ronanenterprise.com\/fr\/wp-json\/wp\/v2\/types\/page"}],"author":[{"embeddable":true,"href":"https:\/\/ronanenterprise.com\/fr\/wp-json\/wp\/v2\/users\/1"}],"replies":[{"embeddable":true,"href":"https:\/\/ronanenterprise.com\/fr\/wp-json\/wp\/v2\/comments?post=662"}],"version-history":[{"count":9,"href":"https:\/\/ronanenterprise.com\/fr\/wp-json\/wp\/v2\/pages\/662\/revisions"}],"predecessor-version":[{"id":982,"href":"https:\/\/ronanenterprise.com\/fr\/wp-json\/wp\/v2\/pages\/662\/revisions\/982"}],"wp:attachment":[{"href":"https:\/\/ronanenterprise.com\/fr\/wp-json\/wp\/v2\/media?parent=662"}],"curies":[{"name":"wp","href":"https:\/\/api.w.org\/{rel}","templated":true}]}}